{"id":672,"date":"2026-02-25T05:55:25","date_gmt":"2026-02-25T05:55:25","guid":{"rendered":"https:\/\/panamglobalcorp.com\/?page_id=672"},"modified":"2026-03-09T12:59:56","modified_gmt":"2026-03-09T12:59:56","slug":"melissa-soza","status":"publish","type":"page","link":"https:\/\/panamglobalcorp.com\/?page_id=672","title":{"rendered":"MELISSA SOZA"},"content":{"rendered":"\t\t<div data-elementor-type=\"wp-page\" data-elementor-id=\"672\" class=\"elementor elementor-672\" data-elementor-post-type=\"page\">\n\t\t\t\t<div class=\"elementor-element elementor-element-383ed607 e-flex e-con-boxed e-con e-parent\" data-id=\"383ed607\" data-element_type=\"container\" data-settings=\"{&quot;background_background&quot;:&quot;video&quot;,&quot;background_video_link&quot;:&quot;https:\\\/\\\/youtu.be\\\/JJVYv4Y4E0Q&quot;}\">\n\t\t\t\t\t<div class=\"e-con-inner\">\n\t\t<div class=\"elementor-background-video-container elementor-hidden-mobile\" aria-hidden=\"true\">\n\t\t\t\t\t\t\t<div class=\"elementor-background-video-embed\"><\/div>\n\t\t\t\t\t\t<\/div>\t\t<div class=\"elementor-element elementor-element-5aa8e25a elementor-widget elementor-widget-heading\" data-id=\"5aa8e25a\" data-element_type=\"widget\" data-widget_type=\"heading.default\">\n\t\t\t\t\t<h2 class=\"elementor-heading-title elementor-size-default\">MELISSA SOZA<\/h2>\t\t\t\t<\/div>\n\t\t\t\t<div class=\"elementor-element elementor-element-b870882 elementor-widget elementor-widget-heading\" data-id=\"b870882\" data-element_type=\"widget\" data-widget_type=\"heading.default\">\n\t\t\t\t\t<h2 class=\"elementor-heading-title elementor-size-default\">MISS PANAMERICAN  INTERNATIONAL 2025<\/h2>\t\t\t\t<\/div>\n\t\t<div class=\"elementor-element elementor-element-5f7bb79 e-con-full e-flex e-con e-child\" data-id=\"5f7bb79\" data-element_type=\"container\">\n\t\t\t\t<div class=\"elementor-element elementor-element-41552d0 elementor-widget elementor-widget-image\" data-id=\"41552d0\" data-element_type=\"widget\" data-widget_type=\"image.default\">\n\t\t\t\t\t\t\t\t\t\t\t\t\t\t\t<img fetchpriority=\"high\" decoding=\"async\" width=\"683\" height=\"1024\" src=\"https:\/\/panamglobalcorp.com\/wp-content\/uploads\/2026\/02\/Melissa-Sosa-Yllw_-683x1024.png\" class=\"attachment-large size-large wp-image-496\" alt=\"\" srcset=\"https:\/\/panamglobalcorp.com\/wp-content\/uploads\/2026\/02\/Melissa-Sosa-Yllw_-683x1024.png 683w, https:\/\/panamglobalcorp.com\/wp-content\/uploads\/2026\/02\/Melissa-Sosa-Yllw_-scaled-600x900.png 600w, https:\/\/panamglobalcorp.com\/wp-content\/uploads\/2026\/02\/Melissa-Sosa-Yllw_-200x300.png 200w, https:\/\/panamglobalcorp.com\/wp-content\/uploads\/2026\/02\/Melissa-Sosa-Yllw_-768x1152.png 768w, https:\/\/panamglobalcorp.com\/wp-content\/uploads\/2026\/02\/Melissa-Sosa-Yllw_-1024x1536.png 1024w, https:\/\/panamglobalcorp.com\/wp-content\/uploads\/2026\/02\/Melissa-Sosa-Yllw_-1365x2048.png 1365w, https:\/\/panamglobalcorp.com\/wp-content\/uploads\/2026\/02\/Melissa-Sosa-Yllw_-scaled.png 1707w\" sizes=\"(max-width: 683px) 100vw, 683px\" \/>\t\t\t\t\t\t\t\t\t\t\t\t\t\t\t<\/div>\n\t\t\t\t<\/div>\n\t\t\t\t\t<\/div>\n\t\t\t\t<\/div>\n\t\t<div class=\"elementor-element elementor-element-2c3f403 e-flex e-con-boxed e-con e-parent\" data-id=\"2c3f403\" data-element_type=\"container\" data-settings=\"{&quot;background_background&quot;:&quot;classic&quot;}\">\n\t\t\t\t\t<div class=\"e-con-inner\">\n\t\t<div class=\"elementor-element elementor-element-befe6b7 e-con-full e-flex e-con e-child\" data-id=\"befe6b7\" data-element_type=\"container\">\n\t\t\t\t<div class=\"elementor-element elementor-element-f5e1625 elementor-widget elementor-widget-image\" data-id=\"f5e1625\" data-element_type=\"widget\" data-widget_type=\"image.default\">\n\t\t\t\t\t\t\t\t\t\t\t\t\t\t\t<img decoding=\"async\" width=\"768\" height=\"1024\" src=\"https:\/\/panamglobalcorp.com\/wp-content\/uploads\/2026\/01\/MPI-Melisa-Ninas-768x1024.png\" class=\"attachment-large size-large wp-image-354\" alt=\"\" srcset=\"https:\/\/panamglobalcorp.com\/wp-content\/uploads\/2026\/01\/MPI-Melisa-Ninas-768x1024.png 768w, https:\/\/panamglobalcorp.com\/wp-content\/uploads\/2026\/01\/MPI-Melisa-Ninas-scaled-600x800.png 600w, https:\/\/panamglobalcorp.com\/wp-content\/uploads\/2026\/01\/MPI-Melisa-Ninas-225x300.png 225w, https:\/\/panamglobalcorp.com\/wp-content\/uploads\/2026\/01\/MPI-Melisa-Ninas-1152x1536.png 1152w, https:\/\/panamglobalcorp.com\/wp-content\/uploads\/2026\/01\/MPI-Melisa-Ninas-1536x2048.png 1536w, https:\/\/panamglobalcorp.com\/wp-content\/uploads\/2026\/01\/MPI-Melisa-Ninas-scaled.png 1920w\" sizes=\"(max-width: 768px) 100vw, 768px\" \/>\t\t\t\t\t\t\t\t\t\t\t\t\t\t\t<\/div>\n\t\t\t\t<\/div>\n\t\t<div class=\"elementor-element elementor-element-ecea3ab e-con-full e-flex e-con e-child\" data-id=\"ecea3ab\" data-element_type=\"container\">\n\t\t\t\t<div class=\"elementor-element elementor-element-a7c6902 elementor-widget elementor-widget-heading\" data-id=\"a7c6902\" data-element_type=\"widget\" data-widget_type=\"heading.default\">\n\t\t\t\t\t<h2 class=\"elementor-heading-title elementor-size-default\">Melissa Paola Soza <\/h2>\t\t\t\t<\/div>\n\t\t<div class=\"elementor-element elementor-element-6abdf56 e-con-full e-flex e-con e-child\" data-id=\"6abdf56\" data-element_type=\"container\">\n\t\t\t\t<div class=\"elementor-element elementor-element-7e9fc32 elementor-widget elementor-widget-heading\" data-id=\"7e9fc32\" data-element_type=\"widget\" data-widget_type=\"heading.default\">\n\t\t\t\t\t<h4 class=\"elementor-heading-title elementor-size-default\">Miss Panamerican International 2025<\/h4>\t\t\t\t<\/div>\n\t\t\t\t<\/div>\n\t\t<div class=\"elementor-element elementor-element-26af915 e-con-full e-flex e-con e-child\" data-id=\"26af915\" data-element_type=\"container\">\n\t\t\t\t<div class=\"elementor-element elementor-element-372dfa8 elementor-widget elementor-widget-text-editor\" data-id=\"372dfa8\" data-element_type=\"widget\" data-widget_type=\"text-editor.default\">\n\t\t\t\t\t\t\t\t\t<p>Melissa Paola Soza Padilla es una joven nicarag\u00fcense que ha marcado un hito en el mundo de los cert\u00e1menes de belleza, no solo por su elegancia y carisma, sino por el prop\u00f3sito que ha infundido en cada paso de su trayectoria.<\/p>\t\t\t\t\t\t\t\t<\/div>\n\t\t\t\t<\/div>\n\t\t<div class=\"elementor-element elementor-element-ddbe8d0 e-con-full e-flex e-con e-child\" data-id=\"ddbe8d0\" data-element_type=\"container\">\n\t\t\t\t<div class=\"elementor-element elementor-element-8f8aa25 elementor-widget elementor-widget-text-editor\" data-id=\"8f8aa25\" data-element_type=\"widget\" data-widget_type=\"text-editor.default\">\n\t\t\t\t\t\t\t\t\t<p>Melissa naci\u00f3 el 9 de diciembre de 2000 en Managua, Nicaragua, y desde joven ha demostrado una profunda conexi\u00f3n con sus ra\u00edces culturales y un fuerte deseo de servir como ejemplo para otros j\u00f3venes, especialmente mujeres y ni\u00f1as. Criada entre Nicaragua y los Estados Unidos tras migrar con su familia en 2015, ha combinado su formaci\u00f3n acad\u00e9mica en psicolog\u00eda con una visi\u00f3n de liderazgo social y empoderamiento personal.<\/p><p><br \/>Como Miss Panamericana Nicaragua, Melissa represent\u00f3 con dignidad el esp\u00edritu y la cultura de su pa\u00eds. Su filosof\u00eda no se qued\u00f3 en la pasarela: destac\u00f3 que la verdadera belleza va m\u00e1s all\u00e1 de lo f\u00edsico y reside en los valores, la determinaci\u00f3n y la capacidad de inspirar a otros.<\/p><p><br \/>Durante su reinado nacional, se enfoc\u00f3 en causas que le apasionan, como la promoci\u00f3n de la educaci\u00f3n y el empoderamiento de las ni\u00f1as en contextos vulnerables, adem\u00e1s de llevar un mensaje de fe, disciplina y amor propio para quienes luchan por sus sue\u00f1os sin desfallecer.<\/p>\t\t\t\t\t\t\t\t<\/div>\n\t\t\t\t<\/div>\n\t\t\t\t<\/div>\n\t\t\t\t\t<\/div>\n\t\t\t\t<\/div>\n\t\t<div class=\"elementor-element elementor-element-c38419b e-transform e-flex e-con-boxed e-con e-parent\" data-id=\"c38419b\" data-element_type=\"container\" data-settings=\"{&quot;background_background&quot;:&quot;classic&quot;,&quot;_transform_scale_effect&quot;:{&quot;unit&quot;:&quot;px&quot;,&quot;size&quot;:1,&quot;sizes&quot;:[]},&quot;_transform_scale_effect_tablet&quot;:{&quot;unit&quot;:&quot;px&quot;,&quot;size&quot;:&quot;&quot;,&quot;sizes&quot;:[]},&quot;_transform_scale_effect_mobile&quot;:{&quot;unit&quot;:&quot;px&quot;,&quot;size&quot;:&quot;&quot;,&quot;sizes&quot;:[]}}\">\n\t\t\t\t\t<div class=\"e-con-inner\">\n\t\t\t\t<div class=\"elementor-element elementor-element-e2a0b7c elementor-widget__width-auto animated-slow elementor-invisible elementor-widget elementor-widget-heading\" data-id=\"e2a0b7c\" data-element_type=\"widget\" data-settings=\"{&quot;motion_fx_motion_fx_scrolling&quot;:&quot;yes&quot;,&quot;motion_fx_opacity_effect&quot;:&quot;yes&quot;,&quot;motion_fx_opacity_level&quot;:{&quot;unit&quot;:&quot;px&quot;,&quot;size&quot;:9.800000000000000710542735760100185871124267578125,&quot;sizes&quot;:[]},&quot;motion_fx_opacity_range&quot;:{&quot;unit&quot;:&quot;%&quot;,&quot;size&quot;:&quot;&quot;,&quot;sizes&quot;:{&quot;start&quot;:20,&quot;end&quot;:100}},&quot;motion_fx_blur_effect&quot;:&quot;yes&quot;,&quot;motion_fx_blur_level&quot;:{&quot;unit&quot;:&quot;px&quot;,&quot;size&quot;:1,&quot;sizes&quot;:[]},&quot;_animation&quot;:&quot;fadeInRight&quot;,&quot;motion_fx_opacity_direction&quot;:&quot;out-in&quot;,&quot;motion_fx_blur_direction&quot;:&quot;out-in&quot;,&quot;motion_fx_blur_range&quot;:{&quot;unit&quot;:&quot;%&quot;,&quot;size&quot;:&quot;&quot;,&quot;sizes&quot;:{&quot;start&quot;:20,&quot;end&quot;:80}},&quot;motion_fx_devices&quot;:[&quot;desktop&quot;,&quot;tablet&quot;,&quot;mobile&quot;]}\" data-widget_type=\"heading.default\">\n\t\t\t\t\t<h1 class=\"elementor-heading-title elementor-size-default\">2025<\/h1>\t\t\t\t<\/div>\n\t\t\t\t<div class=\"elementor-element elementor-element-5da2965 elementor-widget elementor-widget-image\" data-id=\"5da2965\" data-element_type=\"widget\" data-widget_type=\"image.default\">\n\t\t\t\t\t\t\t\t\t\t\t\t\t\t\t<img decoding=\"async\" width=\"682\" height=\"1024\" src=\"https:\/\/panamglobalcorp.com\/wp-content\/uploads\/2026\/01\/nicaragua-682x1024.png\" class=\"attachment-large size-large wp-image-277\" alt=\"\" srcset=\"https:\/\/panamglobalcorp.com\/wp-content\/uploads\/2026\/01\/nicaragua-682x1024.png 682w, https:\/\/panamglobalcorp.com\/wp-content\/uploads\/2026\/01\/nicaragua-600x901.png 600w, https:\/\/panamglobalcorp.com\/wp-content\/uploads\/2026\/01\/nicaragua-200x300.png 200w, https:\/\/panamglobalcorp.com\/wp-content\/uploads\/2026\/01\/nicaragua-768x1153.png 768w, https:\/\/panamglobalcorp.com\/wp-content\/uploads\/2026\/01\/nicaragua-1023x1536.png 1023w, https:\/\/panamglobalcorp.com\/wp-content\/uploads\/2026\/01\/nicaragua.png 1066w\" sizes=\"(max-width: 682px) 100vw, 682px\" \/>\t\t\t\t\t\t\t\t\t\t\t\t\t\t\t<\/div>\n\t\t\t\t\t<\/div>\n\t\t\t\t<\/div>\n\t\t<div class=\"elementor-element elementor-element-e4128aa e-flex e-con-boxed e-con e-parent\" data-id=\"e4128aa\" data-element_type=\"container\">\n\t\t\t\t\t<div class=\"e-con-inner\">\n\t\t\t\t<div class=\"elementor-element elementor-element-ef16e7b elementor-skin-carousel elementor-arrows-yes elementor-pagination-type-bullets elementor-pagination-position-outside elementor-widget elementor-widget-media-carousel\" data-id=\"ef16e7b\" data-element_type=\"widget\" data-settings=\"{&quot;skin&quot;:&quot;carousel&quot;,&quot;effect&quot;:&quot;slide&quot;,&quot;show_arrows&quot;:&quot;yes&quot;,&quot;pagination&quot;:&quot;bullets&quot;,&quot;speed&quot;:500,&quot;autoplay&quot;:&quot;yes&quot;,&quot;autoplay_speed&quot;:5000,&quot;loop&quot;:&quot;yes&quot;,&quot;pause_on_hover&quot;:&quot;yes&quot;,&quot;pause_on_interaction&quot;:&quot;yes&quot;,&quot;space_between&quot;:{&quot;unit&quot;:&quot;px&quot;,&quot;size&quot;:10,&quot;sizes&quot;:[]},&quot;space_between_tablet&quot;:{&quot;unit&quot;:&quot;px&quot;,&quot;size&quot;:10,&quot;sizes&quot;:[]},&quot;space_between_mobile&quot;:{&quot;unit&quot;:&quot;px&quot;,&quot;size&quot;:10,&quot;sizes&quot;:[]}}\" data-widget_type=\"media-carousel.default\">\n\t\t\t\t\t\t\t\t\t\t<div class=\"elementor-main-swiper swiper\" role=\"region\" aria-roledescription=\"carousel\" aria-label=\"Slides\">\n\t\t\t\t<div class=\"swiper-wrapper\">\n\t\t\t\t\t\t\t\t\t\t\t<div class=\"swiper-slide\" role=\"group\" aria-roledescription=\"slide\">\n\t\t\t\t\t\t\t\t\t<div class=\"elementor-carousel-image\" role=\"img\" aria-label=\"DSC08267\" style=\"background-image: url(&#039;https:\/\/panamglobalcorp.com\/wp-content\/uploads\/2026\/02\/DSC08267-scaled.png&#039;)\">\n\n\t\t\t\n\t\t\t\t\t<\/div>\n\t\t\t\t\t\t\t\t<\/div>\n\t\t\t\t\t\t\t\t\t\t\t<div class=\"swiper-slide\" role=\"group\" aria-roledescription=\"slide\">\n\t\t\t\t\t\t\t\t\t<div class=\"elementor-carousel-image\" role=\"img\" aria-label=\"Screenshot 2026-01-16 at 12.08.57\u202fAM\" style=\"background-image: url(&#039;https:\/\/panamglobalcorp.com\/wp-content\/uploads\/2026\/01\/Screenshot-2026-01-16-at-12.08.57-AM-scaled.png&#039;)\">\n\n\t\t\t\n\t\t\t\t\t<\/div>\n\t\t\t\t\t\t\t\t<\/div>\n\t\t\t\t\t\t\t\t\t\t\t<div class=\"swiper-slide\" role=\"group\" aria-roledescription=\"slide\">\n\t\t\t\t\t\t\t\t\t<div class=\"elementor-carousel-image\" role=\"img\" aria-label=\"Screenshot 2026-01-16 at 12.07.07\u202fAM\" style=\"background-image: url(&#039;https:\/\/panamglobalcorp.com\/wp-content\/uploads\/2026\/01\/Screenshot-2026-01-16-at-12.07.07-AM-scaled.png&#039;)\">\n\n\t\t\t\n\t\t\t\t\t<\/div>\n\t\t\t\t\t\t\t\t<\/div>\n\t\t\t\t\t\t\t\t\t\t\t<div class=\"swiper-slide\" role=\"group\" aria-roledescription=\"slide\">\n\t\t\t\t\t\t\t\t\t<div class=\"elementor-carousel-image\" role=\"img\" aria-label=\"MPI Soza-Jr Foundation\" style=\"background-image: url(&#039;https:\/\/panamglobalcorp.com\/wp-content\/uploads\/2026\/01\/MPI-Soza-Jr-Foundation-scaled.png&#039;)\">\n\n\t\t\t\n\t\t\t\t\t<\/div>\n\t\t\t\t\t\t\t\t<\/div>\n\t\t\t\t\t\t\t\t\t\t\t<div class=\"swiper-slide\" role=\"group\" aria-roledescription=\"slide\">\n\t\t\t\t\t\t\t\t\t<div class=\"elementor-carousel-image\" role=\"img\" aria-label=\"\" style=\"background-image: url(&#039;https:\/\/panamglobalcorp.com\/wp-content\/plugins\/elementor\/assets\/images\/placeholder.png&#039;)\">\n\n\t\t\t\n\t\t\t\t\t<\/div>\n\t\t\t\t\t\t\t\t<\/div>\n\t\t\t\t\t\t\t\t\t<\/div>\n\t\t\t\t\t\t\t\t\t\t\t\t\t\t\t<div class=\"elementor-swiper-button elementor-swiper-button-prev\" role=\"button\" tabindex=\"0\" aria-label=\"Previous\">\n\t\t\t\t\t\t\t<svg aria-hidden=\"true\" class=\"e-font-icon-svg e-eicon-chevron-left\" viewBox=\"0 0 1000 1000\" xmlns=\"http:\/\/www.w3.org\/2000\/svg\"><path d=\"M646 125C629 125 613 133 604 142L308 442C296 454 292 471 292 487 292 504 296 521 308 533L604 854C617 867 629 875 646 875 663 875 679 871 692 858 704 846 713 829 713 812 713 796 708 779 692 767L438 487 692 225C700 217 708 204 708 187 708 171 704 154 692 142 675 129 663 125 646 125Z\"><\/path><\/svg>\t\t\t\t\t\t<\/div>\n\t\t\t\t\t\t<div class=\"elementor-swiper-button elementor-swiper-button-next\" role=\"button\" tabindex=\"0\" aria-label=\"Next\">\n\t\t\t\t\t\t\t<svg aria-hidden=\"true\" class=\"e-font-icon-svg e-eicon-chevron-right\" viewBox=\"0 0 1000 1000\" xmlns=\"http:\/\/www.w3.org\/2000\/svg\"><path d=\"M696 533C708 521 713 504 713 487 713 471 708 454 696 446L400 146C388 133 375 125 354 125 338 125 325 129 313 142 300 154 292 171 292 187 292 204 296 221 308 233L563 492 304 771C292 783 288 800 288 817 288 833 296 850 308 863 321 871 338 875 354 875 371 875 388 867 400 854L696 533Z\"><\/path><\/svg>\t\t\t\t\t\t<\/div>\n\t\t\t\t\t\t\t\t\t\t\t\t\t\t\t\t<div class=\"swiper-pagination\"><\/div>\n\t\t\t\t\t\t\t\t\t\t\t\t<\/div>\n\t\t\t\t\t\t\t\t<\/div>\n\t\t<div class=\"elementor-element elementor-element-e318a69 e-con-full e-flex e-con e-child\" data-id=\"e318a69\" data-element_type=\"container\">\n\t\t\t\t<\/div>\n\t\t\t\t\t<\/div>\n\t\t\t\t<\/div>\n\t\t\t\t<\/div>\n\t\t","protected":false},"excerpt":{"rendered":"<p>MELISSA SOZA MISS PANAMERICAN INTERNATIONAL 2025 Melissa Paola Soza Miss Panamerican International 2025 Melissa Paola Soza Padilla es una joven nicarag\u00fcense que ha marcado un hito en el mundo de los cert\u00e1menes de belleza, no solo por su elegancia y carisma, sino por el prop\u00f3sito que ha infundido en cada paso de su trayectoria. Melissa [&hellip;]<\/p>\n","protected":false},"author":1,"featured_media":0,"parent":0,"menu_order":0,"comment_status":"closed","ping_status":"closed","template":"elementor_header_footer","meta":{"footnotes":""},"class_list":["post-672","page","type-page","status-publish","hentry"],"_links":{"self":[{"href":"https:\/\/panamglobalcorp.com\/index.php?rest_route=\/wp\/v2\/pages\/672","targetHints":{"allow":["GET"]}}],"collection":[{"href":"https:\/\/panamglobalcorp.com\/index.php?rest_route=\/wp\/v2\/pages"}],"about":[{"href":"https:\/\/panamglobalcorp.com\/index.php?rest_route=\/wp\/v2\/types\/page"}],"author":[{"embeddable":true,"href":"https:\/\/panamglobalcorp.com\/index.php?rest_route=\/wp\/v2\/users\/1"}],"replies":[{"embeddable":true,"href":"https:\/\/panamglobalcorp.com\/index.php?rest_route=%2Fwp%2Fv2%2Fcomments&post=672"}],"version-history":[{"count":52,"href":"https:\/\/panamglobalcorp.com\/index.php?rest_route=\/wp\/v2\/pages\/672\/revisions"}],"predecessor-version":[{"id":904,"href":"https:\/\/panamglobalcorp.com\/index.php?rest_route=\/wp\/v2\/pages\/672\/revisions\/904"}],"wp:attachment":[{"href":"https:\/\/panamglobalcorp.com\/index.php?rest_route=%2Fwp%2Fv2%2Fmedia&parent=672"}],"curies":[{"name":"wp","href":"https:\/\/api.w.org\/{rel}","templated":true}]}}